{"id":1428,"date":"2025-10-01T14:23:54","date_gmt":"2025-10-01T14:23:54","guid":{"rendered":"https:\/\/staging.blackanddeckerappliances.ca\/maison\/"},"modified":"2025-10-23T20:07:27","modified_gmt":"2025-10-23T20:07:27","slug":"maison","status":"publish","type":"page","link":"https:\/\/blackanddeckerappliances.ca\/fr\/","title":{"rendered":"Maison"},"content":{"rendered":"\t\t<div data-elementor-type=\"wp-page\" data-elementor-id=\"1428\" class=\"elementor elementor-1428 elementor-79\" data-elementor-post-type=\"page\">\n\t\t\t\t<div class=\"elementor-element elementor-element-49993c9 e-con-full e-flex e-con e-parent\" data-id=\"49993c9\" data-element_type=\"container\">\n\t\t\t\t<div class=\"elementor-element elementor-element-c2cbad6 elementor-widget__width-inherit elementor--h-position-center elementor--v-position-middle elementor-pagination-position-inside elementor-widget elementor-widget-slides\" data-id=\"c2cbad6\" data-element_type=\"widget\" data-settings=\"{&quot;navigation&quot;:&quot;dots&quot;,&quot;autoplay_speed&quot;:2500,&quot;autoplay&quot;:&quot;yes&quot;,&quot;pause_on_hover&quot;:&quot;yes&quot;,&quot;pause_on_interaction&quot;:&quot;yes&quot;,&quot;infinite&quot;:&quot;yes&quot;,&quot;transition&quot;:&quot;slide&quot;,&quot;transition_speed&quot;:500}\" data-widget_type=\"slides.default\">\n\t\t\t\t\t\t\t\t\t\t<div class=\"elementor-slides-wrapper elementor-main-swiper swiper\" role=\"region\" aria-roledescription=\"carousel\" aria-label=\"Slides\" dir=\"ltr\" data-animation=\"fadeInUp\">\n\t\t\t\t<div class=\"swiper-wrapper elementor-slides\">\n\t\t\t\t\t\t\t\t\t\t<div class=\"elementor-repeater-item-e2d668a swiper-slide\" role=\"group\" aria-roledescription=\"slide\"><div class=\"swiper-slide-bg\" role=\"img\" aria-label=\"SPE26907BDcomSocialHomepageBannerLetsGetSocial\"><\/div><a class=\"swiper-slide-inner\" href=\"https:\/\/www.instagram.com\/blackanddeckerappliances\/\"><div class=\"swiper-slide-contents\"><\/div><\/a><\/div><div class=\"elementor-repeater-item-d652f3e swiper-slide\" role=\"group\" aria-roledescription=\"slide\"><div class=\"swiper-slide-bg\" role=\"img\" aria-label=\"SPE-25837_BannerUpdate\"><\/div><a class=\"swiper-slide-inner\" href=\"https:\/\/blackanddeckerappliances.ca\/fr\/produit\/fer-a-vapeur-compact-easy-steam-bleu-sarcelle\/\"><div class=\"swiper-slide-contents\"><\/div><\/a><\/div><div class=\"elementor-repeater-item-ba958fc swiper-slide\" role=\"group\" aria-roledescription=\"slide\"><div class=\"swiper-slide-bg\" role=\"img\" aria-label=\"WF-1026565_HPC_ Black + Decker_ Homepage Updates BD.ca\"><\/div><a class=\"swiper-slide-inner\" href=\"https:\/\/blackanddeckerappliances.ca\/fr\/produit\/cafetiere-programmable-de-12-tasses-3\/\"><div class=\"swiper-slide-contents\"><\/div><\/a><\/div><div class=\"elementor-repeater-item-03faba1 swiper-slide\" role=\"group\" aria-roledescription=\"slide\"><div class=\"swiper-slide-bg\" role=\"img\" aria-label=\"WF-1026565_HPC_ Black + Decker_ Homepage Updates BD.ca\"><\/div><a class=\"swiper-slide-inner\" href=\"https:\/\/blackanddeckerappliances.ca\/fr\/produit\/four-a-convection\/\"><div class=\"swiper-slide-contents\"><\/div><\/a><\/div><div class=\"elementor-repeater-item-4f708d7 swiper-slide\" role=\"group\" aria-roledescription=\"slide\"><div class=\"swiper-slide-bg\" role=\"img\" aria-label=\"WF-1026565_HPC_ Black + Decker_ Homepage Updates BD.ca\"><\/div><a class=\"swiper-slide-inner\" href=\"https:\/\/blackanddeckerappliances.ca\/fr\/produit\/batteur-a-main-a-6-vitesses-et-reglage-turbo-noir\/\"><div class=\"swiper-slide-contents\"><\/div><\/a><\/div>\t\t\t\t<\/div>\n\t\t\t\t\t\t\t\t\t\t\t\t\t\t\t\t\t\t\t\t<div class=\"swiper-pagination\"><\/div>\n\t\t\t\t\t\t\t\t\t\t\t\t<\/div>\n\t\t\t\t\t\t\t\t<\/div>\n\t\t\t\t<\/div>\n\t\t<div class=\"elementor-element elementor-element-8e76b2d e-flex e-con-boxed e-con e-parent\" data-id=\"8e76b2d\" data-element_type=\"container\">\n\t\t\t\t\t<div class=\"e-con-inner\">\n\t\t<div class=\"elementor-element elementor-element-cf3b331 e-con-full e-flex e-con e-child\" data-id=\"cf3b331\" data-element_type=\"container\">\n\t\t\t\t<div class=\"elementor-element elementor-element-a7d0af1 elementor-widget elementor-widget-image\" data-id=\"a7d0af1\" data-element_type=\"widget\" data-widget_type=\"image.default\">\n\t\t\t\t\t\t\t\t\t\t\t\t\t\t\t<img fetchpriority=\"high\" decoding=\"async\" width=\"721\" height=\"535\" src=\"https:\/\/blackanddeckerappliances.ca\/wp-content\/uploads\/2025\/10\/TO3217SS_main_prd1_HR_LoRes.jpg\" class=\"attachment-large size-large wp-image-1430\" alt=\"\" srcset=\"https:\/\/blackanddeckerappliances.ca\/wp-content\/uploads\/2025\/10\/TO3217SS_main_prd1_HR_LoRes.jpg 721w, https:\/\/blackanddeckerappliances.ca\/wp-content\/uploads\/2025\/10\/TO3217SS_main_prd1_HR_LoRes-300x223.jpg 300w, https:\/\/blackanddeckerappliances.ca\/wp-content\/uploads\/2025\/10\/TO3217SS_main_prd1_HR_LoRes-600x445.jpg 600w\" sizes=\"(max-width: 721px) 100vw, 721px\" \/>\t\t\t\t\t\t\t\t\t\t\t\t\t\t\t<\/div>\n\t\t\t\t<\/div>\n\t\t<div class=\"elementor-element elementor-element-faa6317 e-con-full e-flex e-con e-child\" data-id=\"faa6317\" data-element_type=\"container\">\n\t\t\t\t<div class=\"elementor-element elementor-element-46bdb1b elementor-widget elementor-widget-text-editor\" data-id=\"46bdb1b\" data-element_type=\"widget\" data-widget_type=\"text-editor.default\">\n\t\t\t\t\t\t\t\t\t<h3 style=\"color:#E85121;\">Four grille-pain 6 tranches avec friteuse \u00e0 air Crisp &lsquo;N BakeMC<\/h3>\nNous vous pr\u00e9sentons la technologie Air Fry, nouveau dans le four BLACK+DECKERMD Crisp &lsquo;N BakeMC Air Fry. Il s&rsquo;agit d&rsquo;un go\u00fbt frit, sans la graisse. La technologie Air Fry utilise de l&rsquo;air chaud haute intensit\u00e9 pour cuire, dorer, et croustiller vos aliments frits pr\u00e9f\u00e9r\u00e9s avec peu ou pas d&rsquo;huile.  \t\t\t\t\t\t\t\t<\/div>\n\t\t\t\t<div class=\"elementor-element elementor-element-52668c4 elementor-widget elementor-widget-button\" data-id=\"52668c4\" data-element_type=\"widget\" data-widget_type=\"button.default\">\n\t\t\t\t\t\t\t\t\t\t<a class=\"elementor-button elementor-button-link elementor-size-sm\" href=\"https:\/\/blackanddeckerappliances.ca\/fr\/produit\/four-grille-pain-6-tranches-avec-friteuse-a-air-crisp-n-bakemc\/\">\n\t\t\t\t\t\t<span class=\"elementor-button-content-wrapper\">\n\t\t\t\t\t\t\t\t\t<span class=\"elementor-button-text\">Voir les d\u00e9tails &gt;<\/span>\n\t\t\t\t\t<\/span>\n\t\t\t\t\t<\/a>\n\t\t\t\t\t\t\t\t<\/div>\n\t\t\t\t<\/div>\n\t\t\t\t\t<\/div>\n\t\t\t\t<\/div>\n\t\t<div class=\"elementor-element elementor-element-2d8ac0a e-con-full e-flex e-con e-parent\" data-id=\"2d8ac0a\" data-element_type=\"container\">\n\t\t\t\t<div class=\"elementor-element elementor-element-8feb4a6 elementor-widget elementor-widget-image\" data-id=\"8feb4a6\" data-element_type=\"widget\" data-widget_type=\"image.default\">\n\t\t\t\t\t\t\t\t\t\t\t\t\t\t\t\t<a href=\"https:\/\/www.blackanddeckerappliances.com\/Recipes\/Dessert\/Pumpkin-Roll.aspx\">\n\t\t\t\t\t\t\t<img decoding=\"async\" width=\"1600\" height=\"600\" src=\"https:\/\/blackanddeckerappliances.ca\/wp-content\/uploads\/2025\/10\/BD_PumpkinRollDesktopEnglish.jpg\" class=\"attachment-full size-full wp-image-1431\" alt=\"\" srcset=\"https:\/\/blackanddeckerappliances.ca\/wp-content\/uploads\/2025\/10\/BD_PumpkinRollDesktopEnglish.jpg 1600w, https:\/\/blackanddeckerappliances.ca\/wp-content\/uploads\/2025\/10\/BD_PumpkinRollDesktopEnglish-300x113.jpg 300w, https:\/\/blackanddeckerappliances.ca\/wp-content\/uploads\/2025\/10\/BD_PumpkinRollDesktopEnglish-1024x384.jpg 1024w, https:\/\/blackanddeckerappliances.ca\/wp-content\/uploads\/2025\/10\/BD_PumpkinRollDesktopEnglish-768x288.jpg 768w, https:\/\/blackanddeckerappliances.ca\/wp-content\/uploads\/2025\/10\/BD_PumpkinRollDesktopEnglish-1536x576.jpg 1536w, https:\/\/blackanddeckerappliances.ca\/wp-content\/uploads\/2025\/10\/BD_PumpkinRollDesktopEnglish-600x225.jpg 600w\" sizes=\"(max-width: 1600px) 100vw, 1600px\" \/>\t\t\t\t\t\t\t\t<\/a>\n\t\t\t\t\t\t\t\t\t\t\t\t\t\t\t<\/div>\n\t\t\t\t<\/div>\n\t\t<div class=\"elementor-element elementor-element-f79110f e-flex e-con-boxed e-con e-parent\" data-id=\"f79110f\" data-element_type=\"container\">\n\t\t\t\t\t<div class=\"e-con-inner\">\n\t\t<div class=\"elementor-element elementor-element-d4a7cbe e-con-full e-flex e-con e-child\" data-id=\"d4a7cbe\" data-element_type=\"container\">\n\t\t<div class=\"elementor-element elementor-element-da3ec20 e-con-full e-flex e-con e-child\" data-id=\"da3ec20\" data-element_type=\"container\">\n\t\t\t\t<div class=\"elementor-element elementor-element-dc6058f elementor-widget elementor-widget-text-editor\" data-id=\"dc6058f\" data-element_type=\"widget\" data-widget_type=\"text-editor.default\">\n\t\t\t\t\t\t\t\t\t<p><a href=\"https:\/\/www.blackanddeckerappliances.com\/Recipes\/Refreshments\/Cafe-Au-Lait.aspx\">Recette en vedette<\/a><\/p>\t\t\t\t\t\t\t\t<\/div>\n\t\t\t\t<div class=\"elementor-element elementor-element-b9075d9 elementor-widget elementor-widget-image\" data-id=\"b9075d9\" data-element_type=\"widget\" data-widget_type=\"image.default\">\n\t\t\t\t\t\t\t\t\t\t\t\t\t\t\t\t<a href=\"https:\/\/www.blackanddeckerappliances.com\/Recipes\/Refreshments\/Cafe-Au-Lait.aspx\">\n\t\t\t\t\t\t\t<img decoding=\"async\" width=\"300\" height=\"400\" src=\"https:\/\/blackanddeckerappliances.ca\/wp-content\/uploads\/2025\/10\/featured-rec-2.jpg\" class=\"attachment-large size-large wp-image-1601\" alt=\"\" srcset=\"https:\/\/blackanddeckerappliances.ca\/wp-content\/uploads\/2025\/10\/featured-rec-2.jpg 300w, https:\/\/blackanddeckerappliances.ca\/wp-content\/uploads\/2025\/10\/featured-rec-2-225x300.jpg 225w\" sizes=\"(max-width: 300px) 100vw, 300px\" \/>\t\t\t\t\t\t\t\t<\/a>\n\t\t\t\t\t\t\t\t\t\t\t\t\t\t\t<\/div>\n\t\t\t\t<div class=\"elementor-element elementor-element-1be8924 elementor-align-center elementor-widget elementor-widget-button\" data-id=\"1be8924\" data-element_type=\"widget\" data-widget_type=\"button.default\">\n\t\t\t\t\t\t\t\t\t\t<a class=\"elementor-button elementor-button-link elementor-size-sm\" href=\"https:\/\/www.blackanddeckerappliances.com\/Recipes\/Refreshments\/Cafe-Au-Lait.aspx\">\n\t\t\t\t\t\t<span class=\"elementor-button-content-wrapper\">\n\t\t\t\t\t\t\t\t\t<span class=\"elementor-button-text\">Voir les d\u00e9tails &gt;<\/span>\n\t\t\t\t\t<\/span>\n\t\t\t\t\t<\/a>\n\t\t\t\t\t\t\t\t<\/div>\n\t\t\t\t<\/div>\n\t\t<div class=\"elementor-element elementor-element-56aecc3 e-con-full e-flex e-con e-child\" data-id=\"56aecc3\" data-element_type=\"container\">\n\t\t\t\t<div class=\"elementor-element elementor-element-2eadfb6 elementor-widget elementor-widget-text-editor\" data-id=\"2eadfb6\" data-element_type=\"widget\" data-widget_type=\"text-editor.default\">\n\t\t\t\t\t\t\t\t\t<p><a href=\"https:\/\/www.youtube.com\/watch?app=desktop&amp;v=90QhYY3R_9E\">Vid\u00e9o en vedette<\/a><\/p>\t\t\t\t\t\t\t\t<\/div>\n\t\t\t\t<div class=\"elementor-element elementor-element-681efa2 elementor-widget elementor-widget-image\" data-id=\"681efa2\" data-element_type=\"widget\" data-widget_type=\"image.default\">\n\t\t\t\t\t\t\t\t\t\t\t\t\t\t\t\t<a href=\"https:\/\/www.youtube.com\/watch?app=desktop&#038;v=90QhYY3R_9E\">\n\t\t\t\t\t\t\t<img loading=\"lazy\" decoding=\"async\" width=\"300\" height=\"400\" src=\"https:\/\/blackanddeckerappliances.ca\/wp-content\/uploads\/2025\/10\/BD_FeaturedVideo_MX600BC.jpg\" class=\"attachment-large size-large wp-image-1433\" alt=\"\" srcset=\"https:\/\/blackanddeckerappliances.ca\/wp-content\/uploads\/2025\/10\/BD_FeaturedVideo_MX600BC.jpg 300w, https:\/\/blackanddeckerappliances.ca\/wp-content\/uploads\/2025\/10\/BD_FeaturedVideo_MX600BC-225x300.jpg 225w\" sizes=\"(max-width: 300px) 100vw, 300px\" \/>\t\t\t\t\t\t\t\t<\/a>\n\t\t\t\t\t\t\t\t\t\t\t\t\t\t\t<\/div>\n\t\t\t\t<div class=\"elementor-element elementor-element-ad0b21d elementor-align-center elementor-widget elementor-widget-button\" data-id=\"ad0b21d\" data-element_type=\"widget\" data-widget_type=\"button.default\">\n\t\t\t\t\t\t\t\t\t\t<a class=\"elementor-button elementor-button-link elementor-size-sm\" href=\"https:\/\/www.youtube.com\/watch?app=desktop&#038;v=90QhYY3R_9E\">\n\t\t\t\t\t\t<span class=\"elementor-button-content-wrapper\">\n\t\t\t\t\t\t\t\t\t<span class=\"elementor-button-text\">Voir les d\u00e9tails &gt;<\/span>\n\t\t\t\t\t<\/span>\n\t\t\t\t\t<\/a>\n\t\t\t\t\t\t\t\t<\/div>\n\t\t\t\t<\/div>\n\t\t<div class=\"elementor-element elementor-element-41a5502 e-con-full e-flex e-con e-child\" data-id=\"41a5502\" data-element_type=\"container\">\n\t\t\t\t<div class=\"elementor-element elementor-element-4ae179e elementor-widget elementor-widget-text-editor\" data-id=\"4ae179e\" data-element_type=\"widget\" data-widget_type=\"text-editor.default\">\n\t\t\t\t\t\t\t\t\t<p><a href=\"https:\/\/blackanddeckerappliances.ca\/fr\/produit\/cafetiere-programmable-de-12-tasses-2\/\">Produits populaires<\/a><\/p>\t\t\t\t\t\t\t\t<\/div>\n\t\t\t\t<div class=\"elementor-element elementor-element-628732d elementor-widget elementor-widget-image\" data-id=\"628732d\" data-element_type=\"widget\" data-widget_type=\"image.default\">\n\t\t\t\t\t\t\t\t\t\t\t\t\t\t\t\t<a href=\"https:\/\/blackanddeckerappliances.ca\/fr\/produit\/cafetiere-programmable-de-12-tasses-2\/\">\n\t\t\t\t\t\t\t<img loading=\"lazy\" decoding=\"async\" width=\"300\" height=\"400\" src=\"https:\/\/blackanddeckerappliances.ca\/wp-content\/uploads\/2025\/10\/BD_FeaturedProduct_CM1231SC.jpg\" class=\"attachment-large size-large wp-image-1434\" alt=\"\" srcset=\"https:\/\/blackanddeckerappliances.ca\/wp-content\/uploads\/2025\/10\/BD_FeaturedProduct_CM1231SC.jpg 300w, https:\/\/blackanddeckerappliances.ca\/wp-content\/uploads\/2025\/10\/BD_FeaturedProduct_CM1231SC-225x300.jpg 225w\" sizes=\"(max-width: 300px) 100vw, 300px\" \/>\t\t\t\t\t\t\t\t<\/a>\n\t\t\t\t\t\t\t\t\t\t\t\t\t\t\t<\/div>\n\t\t\t\t<div class=\"elementor-element elementor-element-b7faaf3 elementor-align-center elementor-widget elementor-widget-button\" data-id=\"b7faaf3\" data-element_type=\"widget\" data-widget_type=\"button.default\">\n\t\t\t\t\t\t\t\t\t\t<a class=\"elementor-button elementor-button-link elementor-size-sm\" href=\"https:\/\/blackanddeckerappliances.ca\/fr\/produit\/cafetiere-programmable-de-12-tasses-2\/\">\n\t\t\t\t\t\t<span class=\"elementor-button-content-wrapper\">\n\t\t\t\t\t\t\t\t\t<span class=\"elementor-button-text\">Voir les d\u00e9tails &gt;<\/span>\n\t\t\t\t\t<\/span>\n\t\t\t\t\t<\/a>\n\t\t\t\t\t\t\t\t<\/div>\n\t\t\t\t<\/div>\n\t\t\t\t<\/div>\n\t\t\t\t\t<\/div>\n\t\t\t\t<\/div>\n\t\t<div class=\"elementor-element elementor-element-5805612 e-flex e-con-boxed e-con e-parent\" data-id=\"5805612\" data-element_type=\"container\">\n\t\t\t\t\t<div class=\"e-con-inner\">\n\t\t\t\t<div class=\"elementor-element elementor-element-07d71da elementor-widget elementor-widget-image\" data-id=\"07d71da\" data-element_type=\"widget\" data-widget_type=\"image.default\">\n\t\t\t\t\t\t\t\t\t\t\t\t\t\t\t\t<a href=\"https:\/\/www.youtube.com\/channel\/UCRU0UBiopigduG-p_YhGcAg\/videos\" target=\"_blank\">\n\t\t\t\t\t\t\t<img loading=\"lazy\" decoding=\"async\" width=\"960\" height=\"310\" src=\"https:\/\/blackanddeckerappliances.ca\/wp-content\/uploads\/2025\/10\/JPGs_Banner_ViewAllOfOurVideos.webp\" class=\"attachment-full size-full wp-image-1429\" alt=\"\" srcset=\"https:\/\/blackanddeckerappliances.ca\/wp-content\/uploads\/2025\/10\/JPGs_Banner_ViewAllOfOurVideos.webp 960w, https:\/\/blackanddeckerappliances.ca\/wp-content\/uploads\/2025\/10\/JPGs_Banner_ViewAllOfOurVideos-600x194.webp 600w, https:\/\/blackanddeckerappliances.ca\/wp-content\/uploads\/2025\/10\/JPGs_Banner_ViewAllOfOurVideos-300x97.webp 300w, https:\/\/blackanddeckerappliances.ca\/wp-content\/uploads\/2025\/10\/JPGs_Banner_ViewAllOfOurVideos-768x248.webp 768w\" sizes=\"(max-width: 960px) 100vw, 960px\" \/>\t\t\t\t\t\t\t\t<\/a>\n\t\t\t\t\t\t\t\t\t\t\t\t\t\t\t<\/div>\n\t\t\t\t\t<\/div>\n\t\t\t\t<\/div>\n\t\t\t\t<\/div>\n\t\t","protected":false},"excerpt":{"rendered":"<p>Four grille-pain 6 tranches avec friteuse \u00e0 air Crisp &lsquo;N BakeMC Nous vous pr\u00e9sentons la technologie Air Fry, nouveau dans le four BLACK+DECKERMD Crisp &lsquo;N BakeMC Air Fry. Il s&rsquo;agit d&rsquo;un go\u00fbt frit, sans la graisse. La technologie Air Fry utilise de l&rsquo;air chaud haute intensit\u00e9 pour cuire, dorer, et croustiller vos aliments frits pr\u00e9f\u00e9r\u00e9s [&hellip;]<\/p>\n","protected":false},"author":1,"featured_media":0,"parent":0,"menu_order":0,"comment_status":"closed","ping_status":"closed","template":"","meta":{"footnotes":""},"class_list":["post-1428","page","type-page","status-publish","hentry"],"_links":{"self":[{"href":"https:\/\/blackanddeckerappliances.ca\/fr\/wp-json\/wp\/v2\/pages\/1428","targetHints":{"allow":["GET"]}}],"collection":[{"href":"https:\/\/blackanddeckerappliances.ca\/fr\/wp-json\/wp\/v2\/pages"}],"about":[{"href":"https:\/\/blackanddeckerappliances.ca\/fr\/wp-json\/wp\/v2\/types\/page"}],"author":[{"embeddable":true,"href":"https:\/\/blackanddeckerappliances.ca\/fr\/wp-json\/wp\/v2\/users\/1"}],"replies":[{"embeddable":true,"href":"https:\/\/blackanddeckerappliances.ca\/fr\/wp-json\/wp\/v2\/comments?post=1428"}],"version-history":[{"count":31,"href":"https:\/\/blackanddeckerappliances.ca\/fr\/wp-json\/wp\/v2\/pages\/1428\/revisions"}],"predecessor-version":[{"id":1706,"href":"https:\/\/blackanddeckerappliances.ca\/fr\/wp-json\/wp\/v2\/pages\/1428\/revisions\/1706"}],"wp:attachment":[{"href":"https:\/\/blackanddeckerappliances.ca\/fr\/wp-json\/wp\/v2\/media?parent=1428"}],"curies":[{"name":"wp","href":"https:\/\/api.w.org\/{rel}","templated":true}]}}